{"id":1873,"date":"2020-06-22T13:04:59","date_gmt":"2020-06-22T13:04:59","guid":{"rendered":"http:\/\/www.xn--elektro-prfgesellschaft-lpc.de\/?page_id=1873"},"modified":"2026-01-20T09:26:06","modified_gmt":"2026-01-20T09:26:06","slug":"impressum","status":"publish","type":"page","link":"https:\/\/www.xn--elektro-prfgesellschaft-lpc.de\/?page_id=1873","title":{"rendered":"Impressum"},"content":{"rendered":"\t\t<div data-elementor-type=\"wp-page\" data-elementor-id=\"1873\" class=\"elementor elementor-1873\" data-elementor-post-type=\"page\">\n\t\t\t\t\t\t<section class=\"elementor-section elementor-top-section elementor-element elementor-element-26dbbcd elementor-section-boxed elementor-section-height-default elementor-section-height-default\" data-id=\"26dbbcd\" data-element_type=\"section\" data-e-type=\"section\">\n\t\t\t\t\t\t<div class=\"elementor-container elementor-column-gap-default\">\n\t\t\t\t\t<div class=\"elementor-column elementor-col-100 elementor-top-column elementor-element elementor-element-3573cad\" data-id=\"3573cad\" data-element_type=\"column\" data-e-type=\"column\">\n\t\t\t<div class=\"elementor-widget-wrap elementor-element-populated\">\n\t\t\t\t\t\t<div class=\"elementor-element elementor-element-f3acabb elementor-widget elementor-widget-heading\" data-id=\"f3acabb\" data-element_type=\"widget\" data-e-type=\"widget\" data-widget_type=\"heading.default\">\n\t\t\t\t<div class=\"elementor-widget-container\">\n\t\t\t\t\t<h2 class=\"elementor-heading-title elementor-size-default\">Impressum<\/h2>\t\t\t\t<\/div>\n\t\t\t\t<\/div>\n\t\t\t\t<div class=\"elementor-element elementor-element-1ac90e1 elementor-widget elementor-widget-text-editor\" data-id=\"1ac90e1\" data-element_type=\"widget\" data-e-type=\"widget\" data-widget_type=\"text-editor.default\">\n\t\t\t\t<div class=\"elementor-widget-container\">\n\t\t\t\t\t\t\t\t\t<p>Elektropr\u00fcfgesellschaft<\/p><p>\u00d6mer Kafadar\u00a0<\/p><p>Donnersbergstra\u00dfe 1\u00a0<\/p><p>64646 Heppenheim<\/p><p>Telefon: 06252 6031770<br \/>E-Mail: info@elektro-pr\u00fcfgesellschaft.de<br \/>Bildrechte:<br \/>Adobe Stock.de<\/p><p>Hinweis gem\u00e4\u00df Online-Streitbeilegungs-Verordnung<br \/>Nach geltendem Recht sind wir verpflichtet, Verbraucher auf die Existenz der Europ\u00e4ischen<br \/>Online-Streitbeilegungs-Plattform hinzuweisen, die f\u00fcr die Beilegung von Streitigkeiten genutzt <br \/>werden kann, ohne dass ein Gericht eingeschaltet werden muss. F\u00fcr die Einrichtung der Plattform ist <br \/>die Europ\u00e4ische Kommission zust\u00e4ndig. Die Europ\u00e4ische Online-Streitbeilegungs-Plattform ist hier zu <br \/>finden: http:\/\/ec.europa.eu\/odr. Unsere E-Mail lautet: o.kafadar@elektro-pr\u00fcfgesellschaft.de<\/p><p>Wir weisen aber darauf hin, dass wir nicht bereit sind, uns am Streitbeilegungsverfahren im Rahmen <br \/>der Europ\u00e4ischen Online-Streitbeilegungs-Plattform zu beteiligen. Nutzen Sie zur Kontaktaufnahme <br \/>bitte unsere obige E-Mail und Telefonnummer.<\/p><p>Hinweis gem\u00e4\u00df Verbraucherstreitbeilegungsgesetz (VSBG)<br \/>Wir sind nicht bereit und verpflichtet, an Streitbeilegungsverfahren vor einer <br \/>Verbraucherschlichtungsstelle teilzunehmen.<\/p><p>Disclaimer \u2013 rechtliche Hinweise<br \/>\u00a7 1 Warnhinweis zu Inhalten<br \/>Die kostenlosen und frei zug\u00e4nglichen Inhalte dieser Webseite wurden mit gr\u00f6\u00dftm\u00f6glicher Sorgfalt <br \/>erstellt. Der Anbieter dieser Webseite \u00fcbernimmt jedoch keine Gew\u00e4hr f\u00fcr die Richtigkeit und <br \/>Aktualit\u00e4t der bereitgestellten kostenlosen und frei zug\u00e4nglichen journalistischen Ratgeber und <br \/>Nachrichten. Namentlich gekennzeichnete Beitr\u00e4ge geben die Meinung des jeweiligen Autors und nicht <br \/>immer die Meinung des Anbieters wieder. Allein durch den Aufruf der kostenlosen und frei <br \/>zug\u00e4nglichen Inhalte kommt keinerlei Vertragsverh\u00e4ltnis zwischen dem Nutzer und dem Anbieter <br \/>zustande, insoweit fehlt es am Rechtsbindungswillen des Anbieters.<\/p><p>\u00a7 2 Externe Links<br \/>Diese Website enth\u00e4lt Verkn\u00fcpfungen zu Websites Dritter (&#8222;externe Links&#8220;). Diese Websites <br \/>unterliegen der Haftung der jeweiligen Betreiber. Der Anbieter hat bei der erstmaligen Verkn\u00fcpfung <br \/>der externen Links die fremden Inhalte daraufhin \u00fcberpr\u00fcft, ob etwaige Rechtsverst\u00f6\u00dfe bestehen. Zu <br \/>dem Zeitpunkt waren keine Rechtsverst\u00f6\u00dfe ersichtlich. Der Anbieter hat keinerlei Einfluss auf die <br \/>aktuelle und zuk\u00fcnftige Gestaltung und auf die Inhalte der verkn\u00fcpften Seiten. Das Setzen von <br \/>externen Links bedeutet nicht, dass sich der Anbieter die hinter dem Verweis oder Link liegenden <br \/>Inhalte zu Eigen macht. Eine st\u00e4ndige Kontrolle der externen Links ist f\u00fcr den Anbieter ohne <br \/>konkrete Hinweise auf Rechtsverst\u00f6\u00dfe nicht zumutbar. Bei<br \/>Kenntnis von Rechtsverst\u00f6\u00dfen werden jedoch derartige externe Links unverz\u00fcglich gel\u00f6scht.<\/p><p>\u00a7 3 Urheber- und Leistungsschutzrechte<br \/>Die auf dieser Website ver\u00f6ffentlichten Inhalte unterliegen dem deutschen Urheber- und <br \/>Leistungsschutzrecht. Jede vom deutschen Urheber- und Leistungsschutzrecht nicht zugelassene <br \/>Verwertung bedarf der vorherigen schriftlichen Zustimmung des Anbieters oder jeweiligen <br \/>Rechteinhabers. Dies gilt insbesondere f\u00fcr Vervielf\u00e4ltigung, Bearbeitung, \u00dcbersetzung, <br \/>Einspeicherung, Verarbeitung bzw. Wiedergabe von Inhalten in Datenbanken oder anderen <br \/>elektronischen Medien und Systemen. Inhalte und Rechte Dritter sind dabei als solche <br \/>gekennzeichnet. Die unerlaubte Vervielf\u00e4ltigung oder Weitergabe einzelner Inhalte oder kompletter <br \/>Seiten ist nicht gestattet und strafbar. Lediglich die Herstellung von Kopien und Downloads f\u00fcr den <br \/>pers\u00f6nlichen, privaten und nicht kommerziellen Gebrauch ist erlaubt.<\/p><p>Die Darstellung dieser Website in fremden Frames ist nur mit schriftlicher Erlaubnis zul\u00e4ssig.<\/p><p>\u00a7 4 Besondere Nutzungsbedingungen<br \/>Soweit besondere Bedingungen f\u00fcr einzelne Nutzungen dieser Website von den vorgenannten Paragraphen <br \/>abweichen, wird an entsprechender Stelle ausdr\u00fccklich darauf hingewiesen. In diesem Falle gelten im <br \/>jeweiligen Einzelfall die besonderen Nutzungsbedingungen.<\/p><p>Quelle: Impressum Generator von JuraForum.de<\/p>\t\t\t\t\t\t\t\t<\/div>\n\t\t\t\t<\/div>\n\t\t\t\t\t<\/div>\n\t\t<\/div>\n\t\t\t\t\t<\/div>\n\t\t<\/section>\n\t\t\t\t<section class=\"elementor-section elementor-top-section elementor-element elementor-element-aa0f406 elementor-section-boxed elementor-section-height-default elementor-section-height-default\" data-id=\"aa0f406\" data-element_type=\"section\" data-e-type=\"section\">\n\t\t\t\t\t\t<div class=\"elementor-container elementor-column-gap-default\">\n\t\t\t\t\t<div class=\"elementor-column elementor-col-100 elementor-top-column elementor-element elementor-element-f15a4b8\" data-id=\"f15a4b8\" data-element_type=\"column\" data-e-type=\"column\">\n\t\t\t<div class=\"elementor-widget-wrap elementor-element-populated\">\n\t\t\t\t\t\t<div class=\"elementor-element elementor-element-468d103 elementor-align-left elementor-widget-mobile__width-auto elementor-fixed elementor-hidden-desktop elementor-widget elementor-widget-global elementor-global-2036 elementor-widget-button\" data-id=\"468d103\" data-element_type=\"widget\" data-e-type=\"widget\" data-settings=\"{&quot;_position&quot;:&quot;fixed&quot;}\" data-widget_type=\"button.default\">\n\t\t\t\t<div class=\"elementor-widget-container\">\n\t\t\t\t\t\t\t\t\t<div class=\"elementor-button-wrapper\">\n\t\t\t\t\t<a class=\"elementor-button elementor-button-link elementor-size-xs elementor-animation-pulse\" href=\"https:\/\/api.whatsapp.com\/send?phone=+4917634573268\">\n\t\t\t\t\t\t<span class=\"elementor-button-content-wrapper\">\n\t\t\t\t\t\t<span class=\"elementor-button-icon\">\n\t\t\t\t<i aria-hidden=\"true\" class=\"fab fa-whatsapp\"><\/i>\t\t\t<\/span>\n\t\t\t\t\t\t\t\t\t<span class=\"elementor-button-text\">Chat starten!<\/span>\n\t\t\t\t\t<\/span>\n\t\t\t\t\t<\/a>\n\t\t\t\t<\/div>\n\t\t\t\t\t\t\t\t<\/div>\n\t\t\t\t<\/div>\n\t\t\t\t\t<\/div>\n\t\t<\/div>\n\t\t\t\t\t<\/div>\n\t\t<\/section>\n\t\t\t\t<\/div>\n\t\t","protected":false},"excerpt":{"rendered":"<p>Impressum Elektropr\u00fcfgesellschaft \u00d6mer Kafadar\u00a0 Donnersbergstra\u00dfe 1\u00a0 64646 Heppenheim Telefon: 06252 6031770E-Mail: info@elektro-pr\u00fcfgesellschaft.deBildrechte:Adobe Stock.de Hinweis gem\u00e4\u00df Online-Streitbeilegungs-VerordnungNach geltendem Recht sind wir verpflichtet, Verbraucher auf die Existenz der Europ\u00e4ischenOnline-Streitbeilegungs-Plattform hinzuweisen, die f\u00fcr die Beilegung von Streitigkeiten genutzt werden kann, ohne dass ein Gericht eingeschaltet werden muss. F\u00fcr die Einrichtung der Plattform ist die Europ\u00e4ische Kommission zust\u00e4ndig. Die [&hellip;]<\/p>\n","protected":false},"author":2,"featured_media":0,"parent":0,"menu_order":0,"comment_status":"closed","ping_status":"closed","template":"","meta":{"ocean_post_layout":"full-width","ocean_both_sidebars_style":"","ocean_both_sidebars_content_width":0,"ocean_both_sidebars_sidebars_width":0,"ocean_sidebar":"0","ocean_second_sidebar":"0","ocean_disable_margins":"enable","ocean_add_body_class":"","ocean_shortcode_before_top_bar":"","ocean_shortcode_after_top_bar":"","ocean_shortcode_before_header":"","ocean_shortcode_after_header":"","ocean_has_shortcode":"","ocean_shortcode_after_title":"","ocean_shortcode_before_footer_widgets":"","ocean_shortcode_after_footer_widgets":"","ocean_shortcode_before_footer_bottom":"","ocean_shortcode_after_footer_bottom":"","ocean_display_top_bar":"default","ocean_display_header":"default","ocean_header_style":"","ocean_center_header_left_menu":"0","ocean_custom_header_template":"0","ocean_custom_logo":0,"ocean_custom_retina_logo":0,"ocean_custom_logo_max_width":0,"ocean_custom_logo_tablet_max_width":0,"ocean_custom_logo_mobile_max_width":0,"ocean_custom_logo_max_height":0,"ocean_custom_logo_tablet_max_height":0,"ocean_custom_logo_mobile_max_height":0,"ocean_header_custom_menu":"0","ocean_menu_typo_font_family":"0","ocean_menu_typo_font_subset":"","ocean_menu_typo_font_size":0,"ocean_menu_typo_font_size_tablet":0,"ocean_menu_typo_font_size_mobile":0,"ocean_menu_typo_font_size_unit":"px","ocean_menu_typo_font_weight":"","ocean_menu_typo_font_weight_tablet":"","ocean_menu_typo_font_weight_mobile":"","ocean_menu_typo_transform":"","ocean_menu_typo_transform_tablet":"","ocean_menu_typo_transform_mobile":"","ocean_menu_typo_line_height":0,"ocean_menu_typo_line_height_tablet":0,"ocean_menu_typo_line_height_mobile":0,"ocean_menu_typo_line_height_unit":"","ocean_menu_typo_spacing":0,"ocean_menu_typo_spacing_tablet":0,"ocean_menu_typo_spacing_mobile":0,"ocean_menu_typo_spacing_unit":"","ocean_menu_link_color":"","ocean_menu_link_color_hover":"","ocean_menu_link_color_active":"","ocean_menu_link_background":"","ocean_menu_link_hover_background":"","ocean_menu_link_active_background":"","ocean_menu_social_links_bg":"","ocean_menu_social_hover_links_bg":"","ocean_menu_social_links_color":"","ocean_menu_social_hover_links_color":"","ocean_disable_title":"on","ocean_disable_heading":"default","ocean_post_title":"","ocean_post_subheading":"","ocean_post_title_style":"","ocean_post_title_background_color":"","ocean_post_title_background":0,"ocean_post_title_bg_image_position":"","ocean_post_title_bg_image_attachment":"","ocean_post_title_bg_image_repeat":"","ocean_post_title_bg_image_size":"","ocean_post_title_height":0,"ocean_post_title_bg_overlay":0.5,"ocean_post_title_bg_overlay_color":"","ocean_disable_breadcrumbs":"default","ocean_breadcrumbs_color":"","ocean_breadcrumbs_separator_color":"","ocean_breadcrumbs_links_color":"","ocean_breadcrumbs_links_hover_color":"","ocean_display_footer_widgets":"default","ocean_display_footer_bottom":"default","ocean_custom_footer_template":"0","footnotes":""},"class_list":["post-1873","page","type-page","status-publish","hentry","entry"],"yoast_head":"<!-- This site is optimized with the Yoast SEO plugin v27.2 - https:\/\/yoast.com\/product\/yoast-seo-wordpress\/ -->\n<title>Impressum | Elektro Pr\u00fcfgesellschaft<\/title>\n<meta name=\"robots\" content=\"index, follow, max-snippet:-1, max-image-preview:large, max-video-preview:-1\" \/>\n<link rel=\"canonical\" href=\"https:\/\/www.xn--elektro-prfgesellschaft-lpc.de\/?page_id=1873\" \/>\n<meta property=\"og:locale\" content=\"de_DE\" \/>\n<meta property=\"og:type\" content=\"article\" \/>\n<meta property=\"og:title\" content=\"Impressum | Elektro Pr\u00fcfgesellschaft\" \/>\n<meta property=\"og:description\" content=\"Impressum Elektropr\u00fcfgesellschaft \u00d6mer Kafadar\u00a0 Donnersbergstra\u00dfe 1\u00a0 64646 Heppenheim Telefon: 06252 6031770E-Mail: info@elektro-pr\u00fcfgesellschaft.deBildrechte:Adobe Stock.de Hinweis gem\u00e4\u00df Online-Streitbeilegungs-VerordnungNach geltendem Recht sind wir verpflichtet, Verbraucher auf die Existenz der Europ\u00e4ischenOnline-Streitbeilegungs-Plattform hinzuweisen, die f\u00fcr die Beilegung von Streitigkeiten genutzt werden kann, ohne dass ein Gericht eingeschaltet werden muss. F\u00fcr die Einrichtung der Plattform ist die Europ\u00e4ische Kommission zust\u00e4ndig. Die [&hellip;]\" \/>\n<meta property=\"og:url\" content=\"https:\/\/www.xn--elektro-prfgesellschaft-lpc.de\/?page_id=1873\" \/>\n<meta property=\"og:site_name\" content=\"Elektro Pr\u00fcfgesellschaft\" \/>\n<meta property=\"article:modified_time\" content=\"2026-01-20T09:26:06+00:00\" \/>\n<meta name=\"twitter:card\" content=\"summary_large_image\" \/>\n<meta name=\"twitter:label1\" content=\"Gesch\u00e4tzte Lesezeit\" \/>\n\t<meta name=\"twitter:data1\" content=\"3\u00a0Minuten\" \/>\n<script type=\"application\/ld+json\" class=\"yoast-schema-graph\">{\"@context\":\"https:\/\/schema.org\",\"@graph\":[{\"@type\":\"WebPage\",\"@id\":\"https:\/\/www.xn--elektro-prfgesellschaft-lpc.de\/?page_id=1873\",\"url\":\"https:\/\/www.xn--elektro-prfgesellschaft-lpc.de\/?page_id=1873\",\"name\":\"Impressum | Elektro Pr\u00fcfgesellschaft\",\"isPartOf\":{\"@id\":\"https:\/\/www.xn--elektro-prfgesellschaft-lpc.de\/#website\"},\"datePublished\":\"2020-06-22T13:04:59+00:00\",\"dateModified\":\"2026-01-20T09:26:06+00:00\",\"breadcrumb\":{\"@id\":\"https:\/\/www.xn--elektro-prfgesellschaft-lpc.de\/?page_id=1873#breadcrumb\"},\"inLanguage\":\"de\",\"potentialAction\":[{\"@type\":\"ReadAction\",\"target\":[\"https:\/\/www.xn--elektro-prfgesellschaft-lpc.de\/?page_id=1873\"]}]},{\"@type\":\"BreadcrumbList\",\"@id\":\"https:\/\/www.xn--elektro-prfgesellschaft-lpc.de\/?page_id=1873#breadcrumb\",\"itemListElement\":[{\"@type\":\"ListItem\",\"position\":1,\"name\":\"Home\",\"item\":\"https:\/\/www.xn--elektro-prfgesellschaft-lpc.de\/\"},{\"@type\":\"ListItem\",\"position\":2,\"name\":\"Impressum\"}]},{\"@type\":\"WebSite\",\"@id\":\"https:\/\/www.xn--elektro-prfgesellschaft-lpc.de\/#website\",\"url\":\"https:\/\/www.xn--elektro-prfgesellschaft-lpc.de\/\",\"name\":\"Elektro Pr\u00fcfgesellschaft\",\"description\":\"Elektrische Sicherheitspr\u00fcfungen nach DGUV V3\",\"publisher\":{\"@id\":\"https:\/\/www.xn--elektro-prfgesellschaft-lpc.de\/#organization\"},\"potentialAction\":[{\"@type\":\"SearchAction\",\"target\":{\"@type\":\"EntryPoint\",\"urlTemplate\":\"https:\/\/www.xn--elektro-prfgesellschaft-lpc.de\/?s={search_term_string}\"},\"query-input\":{\"@type\":\"PropertyValueSpecification\",\"valueRequired\":true,\"valueName\":\"search_term_string\"}}],\"inLanguage\":\"de\"},{\"@type\":\"Organization\",\"@id\":\"https:\/\/www.xn--elektro-prfgesellschaft-lpc.de\/#organization\",\"name\":\"Elektro Pr\u00fcfgesellschaft\",\"url\":\"https:\/\/www.xn--elektro-prfgesellschaft-lpc.de\/\",\"logo\":{\"@type\":\"ImageObject\",\"inLanguage\":\"de\",\"@id\":\"https:\/\/www.xn--elektro-prfgesellschaft-lpc.de\/#\/schema\/logo\/image\/\",\"url\":\"https:\/\/www.xn--elektro-prfgesellschaft-lpc.de\/wp-content\/uploads\/2020\/06\/Logo-finish-e1593361826988.png\",\"contentUrl\":\"https:\/\/www.xn--elektro-prfgesellschaft-lpc.de\/wp-content\/uploads\/2020\/06\/Logo-finish-e1593361826988.png\",\"width\":1738,\"height\":636,\"caption\":\"Elektro Pr\u00fcfgesellschaft\"},\"image\":{\"@id\":\"https:\/\/www.xn--elektro-prfgesellschaft-lpc.de\/#\/schema\/logo\/image\/\"}}]}<\/script>\n<!-- \/ Yoast SEO plugin. -->","yoast_head_json":{"title":"Impressum | Elektro Pr\u00fcfgesellschaft","robots":{"index":"index","follow":"follow","max-snippet":"max-snippet:-1","max-image-preview":"max-image-preview:large","max-video-preview":"max-video-preview:-1"},"canonical":"https:\/\/www.xn--elektro-prfgesellschaft-lpc.de\/?page_id=1873","og_locale":"de_DE","og_type":"article","og_title":"Impressum | Elektro Pr\u00fcfgesellschaft","og_description":"Impressum Elektropr\u00fcfgesellschaft \u00d6mer Kafadar\u00a0 Donnersbergstra\u00dfe 1\u00a0 64646 Heppenheim Telefon: 06252 6031770E-Mail: info@elektro-pr\u00fcfgesellschaft.deBildrechte:Adobe Stock.de Hinweis gem\u00e4\u00df Online-Streitbeilegungs-VerordnungNach geltendem Recht sind wir verpflichtet, Verbraucher auf die Existenz der Europ\u00e4ischenOnline-Streitbeilegungs-Plattform hinzuweisen, die f\u00fcr die Beilegung von Streitigkeiten genutzt werden kann, ohne dass ein Gericht eingeschaltet werden muss. F\u00fcr die Einrichtung der Plattform ist die Europ\u00e4ische Kommission zust\u00e4ndig. Die [&hellip;]","og_url":"https:\/\/www.xn--elektro-prfgesellschaft-lpc.de\/?page_id=1873","og_site_name":"Elektro Pr\u00fcfgesellschaft","article_modified_time":"2026-01-20T09:26:06+00:00","twitter_card":"summary_large_image","twitter_misc":{"Gesch\u00e4tzte Lesezeit":"3\u00a0Minuten"},"schema":{"@context":"https:\/\/schema.org","@graph":[{"@type":"WebPage","@id":"https:\/\/www.xn--elektro-prfgesellschaft-lpc.de\/?page_id=1873","url":"https:\/\/www.xn--elektro-prfgesellschaft-lpc.de\/?page_id=1873","name":"Impressum | Elektro Pr\u00fcfgesellschaft","isPartOf":{"@id":"https:\/\/www.xn--elektro-prfgesellschaft-lpc.de\/#website"},"datePublished":"2020-06-22T13:04:59+00:00","dateModified":"2026-01-20T09:26:06+00:00","breadcrumb":{"@id":"https:\/\/www.xn--elektro-prfgesellschaft-lpc.de\/?page_id=1873#breadcrumb"},"inLanguage":"de","potentialAction":[{"@type":"ReadAction","target":["https:\/\/www.xn--elektro-prfgesellschaft-lpc.de\/?page_id=1873"]}]},{"@type":"BreadcrumbList","@id":"https:\/\/www.xn--elektro-prfgesellschaft-lpc.de\/?page_id=1873#breadcrumb","itemListElement":[{"@type":"ListItem","position":1,"name":"Home","item":"https:\/\/www.xn--elektro-prfgesellschaft-lpc.de\/"},{"@type":"ListItem","position":2,"name":"Impressum"}]},{"@type":"WebSite","@id":"https:\/\/www.xn--elektro-prfgesellschaft-lpc.de\/#website","url":"https:\/\/www.xn--elektro-prfgesellschaft-lpc.de\/","name":"Elektro Pr\u00fcfgesellschaft","description":"Elektrische Sicherheitspr\u00fcfungen nach DGUV V3","publisher":{"@id":"https:\/\/www.xn--elektro-prfgesellschaft-lpc.de\/#organization"},"potentialAction":[{"@type":"SearchAction","target":{"@type":"EntryPoint","urlTemplate":"https:\/\/www.xn--elektro-prfgesellschaft-lpc.de\/?s={search_term_string}"},"query-input":{"@type":"PropertyValueSpecification","valueRequired":true,"valueName":"search_term_string"}}],"inLanguage":"de"},{"@type":"Organization","@id":"https:\/\/www.xn--elektro-prfgesellschaft-lpc.de\/#organization","name":"Elektro Pr\u00fcfgesellschaft","url":"https:\/\/www.xn--elektro-prfgesellschaft-lpc.de\/","logo":{"@type":"ImageObject","inLanguage":"de","@id":"https:\/\/www.xn--elektro-prfgesellschaft-lpc.de\/#\/schema\/logo\/image\/","url":"https:\/\/www.xn--elektro-prfgesellschaft-lpc.de\/wp-content\/uploads\/2020\/06\/Logo-finish-e1593361826988.png","contentUrl":"https:\/\/www.xn--elektro-prfgesellschaft-lpc.de\/wp-content\/uploads\/2020\/06\/Logo-finish-e1593361826988.png","width":1738,"height":636,"caption":"Elektro Pr\u00fcfgesellschaft"},"image":{"@id":"https:\/\/www.xn--elektro-prfgesellschaft-lpc.de\/#\/schema\/logo\/image\/"}}]}},"_links":{"self":[{"href":"https:\/\/www.xn--elektro-prfgesellschaft-lpc.de\/index.php?rest_route=\/wp\/v2\/pages\/1873","targetHints":{"allow":["GET"]}}],"collection":[{"href":"https:\/\/www.xn--elektro-prfgesellschaft-lpc.de\/index.php?rest_route=\/wp\/v2\/pages"}],"about":[{"href":"https:\/\/www.xn--elektro-prfgesellschaft-lpc.de\/index.php?rest_route=\/wp\/v2\/types\/page"}],"author":[{"embeddable":true,"href":"https:\/\/www.xn--elektro-prfgesellschaft-lpc.de\/index.php?rest_route=\/wp\/v2\/users\/2"}],"replies":[{"embeddable":true,"href":"https:\/\/www.xn--elektro-prfgesellschaft-lpc.de\/index.php?rest_route=%2Fwp%2Fv2%2Fcomments&post=1873"}],"version-history":[{"count":13,"href":"https:\/\/www.xn--elektro-prfgesellschaft-lpc.de\/index.php?rest_route=\/wp\/v2\/pages\/1873\/revisions"}],"predecessor-version":[{"id":2258,"href":"https:\/\/www.xn--elektro-prfgesellschaft-lpc.de\/index.php?rest_route=\/wp\/v2\/pages\/1873\/revisions\/2258"}],"wp:attachment":[{"href":"https:\/\/www.xn--elektro-prfgesellschaft-lpc.de\/index.php?rest_route=%2Fwp%2Fv2%2Fmedia&parent=1873"}],"curies":[{"name":"wp","href":"https:\/\/api.w.org\/{rel}","templated":true}]}}